{"id":77,"date":"2025-04-24T13:36:52","date_gmt":"2025-04-24T11:36:52","guid":{"rendered":"https:\/\/www.portocard.com\/?page_id=77"},"modified":"2025-04-28T09:06:14","modified_gmt":"2025-04-28T07:06:14","slug":"contact","status":"publish","type":"page","link":"https:\/\/www.portocard.com\/en\/kontakt\/","title":{"rendered":"Contact"},"content":{"rendered":"<style>.kb-row-layout-wrap.wp-block-kadence-rowlayout.kb-row-layout-id77_f1926a-70{margin-bottom:0px;margin-bottom:var(--global-kb-spacing-lg, 3rem);}.kb-row-layout-id77_f1926a-70 > .kt-row-column-wrap{align-content:start;}:where(.kb-row-layout-id77_f1926a-70 > .kt-row-column-wrap) > .wp-block-kadence-column{justify-content:start;}.kb-row-layout-id77_f1926a-70 > .kt-row-column-wrap{column-gap:var(--global-kb-gap-lg, 4rem);row-gap:var(--global-kb-gap-none, 0rem );max-width:1000px;margin-left:auto;margin-right:auto;padding-top:200px;padding-right:0px;padding-bottom:140px;padding-left:0px;grid-template-columns:minmax(0, 2fr) minmax(0, 1fr);}.kb-row-layout-id77_f1926a-70{background-image:url('https:\/\/www.portocard.com\/wp-content\/uploads\/2025\/04\/Porto-Card-Header.png');background-size:cover;background-position:85% 43%;background-attachment:fixed;background-repeat:no-repeat;}.kb-row-layout-id77_f1926a-70 > .kt-row-layout-overlay{opacity:0.10;background-color:#1b202c;mix-blend-mode:normal;}@media all and (max-width: 1024px), only screen and (min-device-width: 1024px) and (max-device-width: 1366px) and (-webkit-min-device-pixel-ratio: 2) and (hover: none){.kb-row-layout-id77_f1926a-70{background-attachment:scroll;}}@media all and (max-width: 1024px){.kb-row-layout-id77_f1926a-70 > .kt-row-column-wrap{grid-template-columns:minmax(0, 2fr) minmax(0, 1fr);}}@media all and (max-width: 767px){.kb-row-layout-id77_f1926a-70 > .kt-row-column-wrap{padding-top:120px;padding-right:15px;padding-bottom:60px;padding-left:15px;grid-template-columns:minmax(0, 1fr);}}<\/style><div class=\"kb-row-layout-wrap kb-row-layout-id77_f1926a-70 alignfull has-base-3-background-color kt-row-has-bg wp-block-kadence-rowlayout\"><div class=\"kt-row-layout-overlay kt-row-overlay-normal\"><\/div><div class=\"kt-row-column-wrap kt-has-2-columns kt-row-layout-left-golden kt-tab-layout-inherit kt-mobile-layout-row kt-row-valign-top\">\n<style>.kadence-column77_18e5e7-35 > .kt-inside-inner-col{display:flex;}.kadence-column77_18e5e7-35 > .kt-inside-inner-col{padding-top:30px;padding-right:20px;padding-bottom:20px;padding-left:30px;}.kadence-column77_18e5e7-35 > .kt-inside-inner-col,.kadence-column77_18e5e7-35 > .kt-inside-inner-col:before{border-top-left-radius:0px;border-top-right-radius:0px;border-bottom-right-radius:0px;border-bottom-left-radius:0px;}.kadence-column77_18e5e7-35 > .kt-inside-inner-col{column-gap:var(--global-kb-gap-sm, 1rem);}.kadence-column77_18e5e7-35 > .kt-inside-inner-col{flex-direction:column;justify-content:flex-start;align-items:center;}.kadence-column77_18e5e7-35 > .kt-inside-inner-col > .kb-image-is-ratio-size{align-self:stretch;}.kadence-column77_18e5e7-35 > .kt-inside-inner-col > .wp-block-kadence-advancedgallery{align-self:stretch;}.kadence-column77_18e5e7-35 > .kt-inside-inner-col > .aligncenter{width:100%;}.kt-row-column-wrap > .kadence-column77_18e5e7-35{align-self:flex-start;}.kt-inner-column-height-full:not(.kt-has-1-columns) > .wp-block-kadence-column.kadence-column77_18e5e7-35{align-self:auto;}.kt-inner-column-height-full:not(.kt-has-1-columns) > .wp-block-kadence-column.kadence-column77_18e5e7-35 > .kt-inside-inner-col{flex-direction:column;justify-content:flex-start;}.kadence-column77_18e5e7-35 > .kt-inside-inner-col{background-color:rgba(1, 79, 162, 0.9);}.kadence-column77_18e5e7-35 > .kt-inside-inner-col:before{opacity:0.3;}.kadence-column77_18e5e7-35{text-align:center;}.kadence-column77_18e5e7-35{position:relative;}.kadence-column77_18e5e7-35, .kt-inside-inner-col > .kadence-column77_18e5e7-35:not(.specificity){margin-right:0px;margin-left:var(--global-kb-spacing-xs, 1rem);}@media all and (max-width: 1024px){.kt-row-column-wrap > .kadence-column77_18e5e7-35{align-self:flex-start;}}@media all and (max-width: 1024px){.kt-inner-column-height-full:not(.kt-has-1-columns) > .wp-block-kadence-column.kadence-column77_18e5e7-35{align-self:auto;}}@media all and (max-width: 1024px){.kt-inner-column-height-full:not(.kt-has-1-columns) > .wp-block-kadence-column.kadence-column77_18e5e7-35 > .kt-inside-inner-col{flex-direction:column;justify-content:flex-start;}}@media all and (max-width: 1024px){.kadence-column77_18e5e7-35 > .kt-inside-inner-col{flex-direction:column;justify-content:flex-start;align-items:center;}}@media all and (max-width: 767px){.kt-row-column-wrap > .kadence-column77_18e5e7-35{align-self:flex-start;}.kt-inner-column-height-full:not(.kt-has-1-columns) > .wp-block-kadence-column.kadence-column77_18e5e7-35{align-self:auto;}.kt-inner-column-height-full:not(.kt-has-1-columns) > .wp-block-kadence-column.kadence-column77_18e5e7-35 > .kt-inside-inner-col{flex-direction:column;justify-content:flex-start;}.kadence-column77_18e5e7-35 > .kt-inside-inner-col{flex-direction:column;justify-content:flex-start;align-items:center;}}<\/style>\n<div class=\"wp-block-kadence-column kadence-column77_18e5e7-35 kb-section-dir-vertical inner-column-1\"><div class=\"kt-inside-inner-col\"><style>.wp-block-kadence-advancedheading.kt-adv-heading77_d144f5-c7, .wp-block-kadence-advancedheading.kt-adv-heading77_d144f5-c7[data-kb-block=\"kb-adv-heading77_d144f5-c7\"]{margin-bottom:20px;text-align:left;font-size:40px;line-height:55px;font-style:normal;font-family:-apple-system,BlinkMacSystemFont,\"Segoe UI\",Roboto,Oxygen-Sans,Ubuntu,Cantarell,\"Helvetica Neue\",sans-serif, \"Apple Color Emoji\", \"Segoe UI Emoji\", \"Segoe UI Symbol\";}.wp-block-kadence-advancedheading.kt-adv-heading77_d144f5-c7 mark.kt-highlight, .wp-block-kadence-advancedheading.kt-adv-heading77_d144f5-c7[data-kb-block=\"kb-adv-heading77_d144f5-c7\"] mark.kt-highlight{font-style:normal;color:#f76a0c;-webkit-box-decoration-break:clone;box-decoration-break:clone;padding-top:0px;padding-right:0px;padding-bottom:0px;padding-left:0px;}.wp-block-kadence-advancedheading.kt-adv-heading77_d144f5-c7 img.kb-inline-image, .wp-block-kadence-advancedheading.kt-adv-heading77_d144f5-c7[data-kb-block=\"kb-adv-heading77_d144f5-c7\"] img.kb-inline-image{width:150px;vertical-align:baseline;}@media all and (max-width: 767px){.wp-block-kadence-advancedheading.kt-adv-heading77_d144f5-c7, .wp-block-kadence-advancedheading.kt-adv-heading77_d144f5-c7[data-kb-block=\"kb-adv-heading77_d144f5-c7\"]{font-size:25px;line-height:36px;}}<\/style>\n<h1 class=\"kt-adv-heading77_d144f5-c7 wp-block-kadence-advancedheading has-base-3-color has-text-color\" data-kb-block=\"kb-adv-heading77_d144f5-c7\">Kontaktinformation<\/h1>\n\n\n<style>.wp-block-kadence-advancedheading.kt-adv-heading77_c672d8-c9, .wp-block-kadence-advancedheading.kt-adv-heading77_c672d8-c9[data-kb-block=\"kb-adv-heading77_c672d8-c9\"]{text-align:left;font-size:var(--global-kb-font-size-md, 1.25rem);font-style:normal;}.wp-block-kadence-advancedheading.kt-adv-heading77_c672d8-c9 mark.kt-highlight, .wp-block-kadence-advancedheading.kt-adv-heading77_c672d8-c9[data-kb-block=\"kb-adv-heading77_c672d8-c9\"] mark.kt-highlight{font-style:normal;color:#f76a0c;-webkit-box-decoration-break:clone;box-decoration-break:clone;padding-top:0px;padding-right:0px;padding-bottom:0px;padding-left:0px;}.wp-block-kadence-advancedheading.kt-adv-heading77_c672d8-c9 img.kb-inline-image, .wp-block-kadence-advancedheading.kt-adv-heading77_c672d8-c9[data-kb-block=\"kb-adv-heading77_c672d8-c9\"] img.kb-inline-image{width:150px;vertical-align:baseline;}<\/style>\n<p class=\"kt-adv-heading77_c672d8-c9 wp-block-kadence-advancedheading has-base-3-color has-text-color\" data-kb-block=\"kb-adv-heading77_c672d8-c9\">PortoCard.com ist keine offizielle Webseite. Wenn du Fragen zur Porto Card, zu deiner Buchung oder zur Stadt Porto hast, findest du hier die richtigen Adressen.<\/p>\n\n\n<style>.wp-block-kadence-advancedbtn.kb-btns77_7903bf-9a{gap:var(--global-kb-gap-xs, 0.5rem );justify-content:flex-start;align-items:center;}.kt-btns77_7903bf-9a .kt-button{font-weight:normal;font-style:normal;}<\/style>\n<div class=\"wp-block-kadence-advancedbtn kb-buttons-wrap kb-btns77_7903bf-9a\"><style>ul.menu .wp-block-kadence-advancedbtn .kb-btn77_1141f6-8c.kb-button{width:initial;}.wp-block-kadence-advancedbtn .kb-btn77_1141f6-8c.kb-button{color:var(--base-3);background:#ed1b24;border-top-left-radius:3px;border-top-right-radius:3px;border-bottom-right-radius:3px;border-bottom-left-radius:3px;border-top-color:var(--global-palette2, #2B6CB0);border-top-style:solid;border-right-color:var(--global-palette2, #2B6CB0);border-right-style:solid;border-bottom-color:var(--global-palette2, #2B6CB0);border-bottom-style:solid;border-left-color:var(--global-palette2, #2B6CB0);border-left-style:solid;box-shadow:2px 2px 2px 0px rgba(0, 0, 0, 0.2);}.wp-block-kadence-advancedbtn .kb-btn77_1141f6-8c.kb-button:hover, .wp-block-kadence-advancedbtn .kb-btn77_1141f6-8c.kb-button:focus{color:var(--base-3);background:#ed1b24;border-top-color:#444444;border-top-style:solid;border-right-color:#444444;border-right-style:solid;border-bottom-color:#444444;border-bottom-style:solid;border-left-color:#444444;border-left-style:solid;}@media all and (max-width: 1024px){.wp-block-kadence-advancedbtn .kb-btn77_1141f6-8c.kb-button{border-top-color:var(--global-palette2, #2B6CB0);border-top-style:solid;border-right-color:var(--global-palette2, #2B6CB0);border-right-style:solid;border-bottom-color:var(--global-palette2, #2B6CB0);border-bottom-style:solid;border-left-color:var(--global-palette2, #2B6CB0);border-left-style:solid;}}@media all and (max-width: 1024px){.wp-block-kadence-advancedbtn .kb-btn77_1141f6-8c.kb-button:hover, .wp-block-kadence-advancedbtn .kb-btn77_1141f6-8c.kb-button:focus{border-top-color:#444444;border-top-style:solid;border-right-color:#444444;border-right-style:solid;border-bottom-color:#444444;border-bottom-style:solid;border-left-color:#444444;border-left-style:solid;}}@media all and (max-width: 767px){.wp-block-kadence-advancedbtn .kb-btn77_1141f6-8c.kb-button{border-top-color:var(--global-palette2, #2B6CB0);border-top-style:solid;border-right-color:var(--global-palette2, #2B6CB0);border-right-style:solid;border-bottom-color:var(--global-palette2, #2B6CB0);border-bottom-style:solid;border-left-color:var(--global-palette2, #2B6CB0);border-left-style:solid;}.wp-block-kadence-advancedbtn .kb-btn77_1141f6-8c.kb-button:hover, .wp-block-kadence-advancedbtn .kb-btn77_1141f6-8c.kb-button:focus{border-top-color:#444444;border-top-style:solid;border-right-color:#444444;border-right-style:solid;border-bottom-color:#444444;border-bottom-style:solid;border-left-color:#444444;border-left-style:solid;}}<\/style><a class=\"kb-button kt-button button kb-btn77_1141f6-8c kt-btn-size-standard kt-btn-width-type-auto kb-btn-global-fill  kt-btn-has-text-true kt-btn-has-svg-true  wp-block-kadence-singlebtn\" href=\"https:\/\/www.tiqets.com\/de\/porto-sehenswuerdigkeiten-c76573\/tickets-fur-porto-card-attraktionen-rabatte-offentliche-verkehrsmittel-p1011016\/?partner=portocard\" target=\"_blank\" rel=\"noreferrer noopener nofollow sponsored\"><span class=\"kb-svg-icon-wrap kb-svg-icon-fe_arrowRightCircle kt-btn-icon-side-left\"><svg viewBox=\"0 0 24 24\"  fill=\"none\" stroke=\"currentColor\" stroke-width=\"2\" stroke-linecap=\"round\" stroke-linejoin=\"round\" xmlns=\"http:\/\/www.w3.org\/2000\/svg\"  aria-hidden=\"true\"><circle cx=\"12\" cy=\"12\" r=\"10\"\/><polyline points=\"12 16 16 12 12 8\"\/><line x1=\"8\" y1=\"12\" x2=\"16\" y2=\"12\"\/><\/svg><\/span><span class=\"kt-btn-inner-text\">Porto Card kaufen<\/span><\/a><\/div>\n<\/div><\/div>\n\n\n<style>.kadence-column77_6f6ce8-62 > .kt-inside-inner-col,.kadence-column77_6f6ce8-62 > .kt-inside-inner-col:before{border-top-left-radius:0px;border-top-right-radius:0px;border-bottom-right-radius:0px;border-bottom-left-radius:0px;}.kadence-column77_6f6ce8-62 > .kt-inside-inner-col{column-gap:var(--global-kb-gap-sm, 1rem);}.kadence-column77_6f6ce8-62 > .kt-inside-inner-col{flex-direction:column;}.kadence-column77_6f6ce8-62 > .kt-inside-inner-col > .aligncenter{width:100%;}.kadence-column77_6f6ce8-62 > .kt-inside-inner-col:before{opacity:0.3;}.kadence-column77_6f6ce8-62{position:relative;}@media all and (max-width: 1024px){.kadence-column77_6f6ce8-62 > .kt-inside-inner-col{flex-direction:column;justify-content:center;}}@media all and (max-width: 767px){.kadence-column77_6f6ce8-62 > .kt-inside-inner-col{flex-direction:column;justify-content:center;}}<\/style>\n<div class=\"wp-block-kadence-column kadence-column77_6f6ce8-62\"><div class=\"kt-inside-inner-col\"><\/div><\/div>\n\n<\/div><\/div>\n\n<style>.wp-block-kadence-advancedheading.kt-adv-heading77_7fea5f-a0, .wp-block-kadence-advancedheading.kt-adv-heading77_7fea5f-a0[data-kb-block=\"kb-adv-heading77_7fea5f-a0\"]{font-style:normal;}.wp-block-kadence-advancedheading.kt-adv-heading77_7fea5f-a0 mark.kt-highlight, .wp-block-kadence-advancedheading.kt-adv-heading77_7fea5f-a0[data-kb-block=\"kb-adv-heading77_7fea5f-a0\"] mark.kt-highlight{font-style:normal;color:#f76a0c;-webkit-box-decoration-break:clone;box-decoration-break:clone;padding-top:0px;padding-right:0px;padding-bottom:0px;padding-left:0px;}.wp-block-kadence-advancedheading.kt-adv-heading77_7fea5f-a0 img.kb-inline-image, .wp-block-kadence-advancedheading.kt-adv-heading77_7fea5f-a0[data-kb-block=\"kb-adv-heading77_7fea5f-a0\"] img.kb-inline-image{width:150px;vertical-align:baseline;}<\/style>\n<h3 class=\"kt-adv-heading77_7fea5f-a0 wp-block-kadence-advancedheading\" data-kb-block=\"kb-adv-heading77_7fea5f-a0\">Kontaktdaten: Visit Porto<\/h3>\n\n\n<style>.wp-block-kadence-advancedheading.kt-adv-heading77_878532-78, .wp-block-kadence-advancedheading.kt-adv-heading77_878532-78[data-kb-block=\"kb-adv-heading77_878532-78\"]{font-style:normal;}.wp-block-kadence-advancedheading.kt-adv-heading77_878532-78 mark.kt-highlight, .wp-block-kadence-advancedheading.kt-adv-heading77_878532-78[data-kb-block=\"kb-adv-heading77_878532-78\"] mark.kt-highlight{font-style:normal;color:#f76a0c;-webkit-box-decoration-break:clone;box-decoration-break:clone;padding-top:0px;padding-right:0px;padding-bottom:0px;padding-left:0px;}.wp-block-kadence-advancedheading.kt-adv-heading77_878532-78 img.kb-inline-image, .wp-block-kadence-advancedheading.kt-adv-heading77_878532-78[data-kb-block=\"kb-adv-heading77_878532-78\"] img.kb-inline-image{width:150px;vertical-align:baseline;}<\/style>\n<p class=\"kt-adv-heading77_878532-78 wp-block-kadence-advancedheading\" data-kb-block=\"kb-adv-heading77_878532-78\">F\u00fcr allgemeine Fragen zur Porto Card oder zu Porto, wende dich bitte an die Touristeninformation Visit Porto.<\/p>\n\n\n\n<p>Tourism Office &#8211; S\u00e9<br>Cal\u00e7ada Dom Pedro Pit\u00f5es &#8211; 4050-467 Porto<br>Tel. +351 93 555 7024 \/ +351 22 332 6751<br>WhatsApp: +351 938 668 462<br>\u00d6ffnungszeiten: 09:00 &#8211; 18:00 Uhr<\/p>\n\n\n\n<p>info@visitportoandnorth.travel<br><a href=\"https:\/\/visitporto.travel\/\" target=\"_blank\" rel=\"noopener\" title=\"\">www.visitporto.travel<\/a><\/p>\n\n\n<style>.wp-block-kadence-spacer.kt-block-spacer-77_44d7c6-10 .kt-block-spacer{height:80px;}.wp-block-kadence-spacer.kt-block-spacer-77_44d7c6-10 .kt-divider{border-top-width:1px;height:1px;border-top-color:#eee;width:80%;border-top-style:solid;}<\/style>\n<div class=\"wp-block-kadence-spacer aligncenter kt-block-spacer-77_44d7c6-10\"><div class=\"kt-block-spacer kt-block-spacer-halign-center\"><hr class=\"kt-divider\"\/><\/div><\/div>\n\n\n<style>.wp-block-kadence-advancedheading.kt-adv-heading77_f128f9-ea, .wp-block-kadence-advancedheading.kt-adv-heading77_f128f9-ea[data-kb-block=\"kb-adv-heading77_f128f9-ea\"]{font-style:normal;}.wp-block-kadence-advancedheading.kt-adv-heading77_f128f9-ea mark.kt-highlight, .wp-block-kadence-advancedheading.kt-adv-heading77_f128f9-ea[data-kb-block=\"kb-adv-heading77_f128f9-ea\"] mark.kt-highlight{font-style:normal;color:#f76a0c;-webkit-box-decoration-break:clone;box-decoration-break:clone;padding-top:0px;padding-right:0px;padding-bottom:0px;padding-left:0px;}.wp-block-kadence-advancedheading.kt-adv-heading77_f128f9-ea img.kb-inline-image, .wp-block-kadence-advancedheading.kt-adv-heading77_f128f9-ea[data-kb-block=\"kb-adv-heading77_f128f9-ea\"] img.kb-inline-image{width:150px;vertical-align:baseline;}<\/style>\n<h3 class=\"kt-adv-heading77_f128f9-ea wp-block-kadence-advancedheading\" data-kb-block=\"kb-adv-heading77_f128f9-ea\">Kontaktdaten: GetYourGuide<\/h3>\n\n\n<style>.wp-block-kadence-advancedheading.kt-adv-heading77_8cce4e-32, .wp-block-kadence-advancedheading.kt-adv-heading77_8cce4e-32[data-kb-block=\"kb-adv-heading77_8cce4e-32\"]{font-style:normal;}.wp-block-kadence-advancedheading.kt-adv-heading77_8cce4e-32 mark.kt-highlight, .wp-block-kadence-advancedheading.kt-adv-heading77_8cce4e-32[data-kb-block=\"kb-adv-heading77_8cce4e-32\"] mark.kt-highlight{font-style:normal;color:#f76a0c;-webkit-box-decoration-break:clone;box-decoration-break:clone;padding-top:0px;padding-right:0px;padding-bottom:0px;padding-left:0px;}.wp-block-kadence-advancedheading.kt-adv-heading77_8cce4e-32 img.kb-inline-image, .wp-block-kadence-advancedheading.kt-adv-heading77_8cce4e-32[data-kb-block=\"kb-adv-heading77_8cce4e-32\"] img.kb-inline-image{width:150px;vertical-align:baseline;}<\/style>\n<p class=\"kt-adv-heading77_8cce4e-32 wp-block-kadence-advancedheading\" data-kb-block=\"kb-adv-heading77_8cce4e-32\">F\u00fcr Fragen zu deiner Buchung wende dich bitte an unser Partnerunternehmen GetYourGuide (die Ticketbuchung findet nicht auf unserer Website statt, sondern bei GetYourGuide).<\/p>\n\n\n\n<p><a href=\"https:\/\/www.getyourguide.de\/contact\/\" target=\"_blank\" rel=\"noopener\" title=\"\">GetYourGuide-Support<\/a> (f\u00fcr Buchungen, Zahlungen, Stornierungen etc.)<\/p>\n\n\n<style>.wp-block-kadence-spacer.kt-block-spacer-77_06840d-0d .kt-block-spacer{height:80px;}.wp-block-kadence-spacer.kt-block-spacer-77_06840d-0d .kt-divider{border-top-width:1px;height:1px;border-top-color:#eee;width:80%;border-top-style:solid;}<\/style>\n<div class=\"wp-block-kadence-spacer aligncenter kt-block-spacer-77_06840d-0d\"><div class=\"kt-block-spacer kt-block-spacer-halign-center\"><hr class=\"kt-divider\"\/><\/div><\/div>\n\n\n<style>.wp-block-kadence-advancedheading.kt-adv-heading77_dd9141-bf, .wp-block-kadence-advancedheading.kt-adv-heading77_dd9141-bf[data-kb-block=\"kb-adv-heading77_dd9141-bf\"]{font-style:normal;}.wp-block-kadence-advancedheading.kt-adv-heading77_dd9141-bf mark.kt-highlight, .wp-block-kadence-advancedheading.kt-adv-heading77_dd9141-bf[data-kb-block=\"kb-adv-heading77_dd9141-bf\"] mark.kt-highlight{font-style:normal;color:#f76a0c;-webkit-box-decoration-break:clone;box-decoration-break:clone;padding-top:0px;padding-right:0px;padding-bottom:0px;padding-left:0px;}.wp-block-kadence-advancedheading.kt-adv-heading77_dd9141-bf img.kb-inline-image, .wp-block-kadence-advancedheading.kt-adv-heading77_dd9141-bf[data-kb-block=\"kb-adv-heading77_dd9141-bf\"] img.kb-inline-image{width:150px;vertical-align:baseline;}<\/style>\n<h3 class=\"kt-adv-heading77_dd9141-bf wp-block-kadence-advancedheading\" data-kb-block=\"kb-adv-heading77_dd9141-bf\">Kontaktdaten: Tiqets.com<\/h3>\n\n\n<style>.wp-block-kadence-advancedheading.kt-adv-heading77_db69ea-6a, .wp-block-kadence-advancedheading.kt-adv-heading77_db69ea-6a[data-kb-block=\"kb-adv-heading77_db69ea-6a\"]{font-style:normal;}.wp-block-kadence-advancedheading.kt-adv-heading77_db69ea-6a mark.kt-highlight, .wp-block-kadence-advancedheading.kt-adv-heading77_db69ea-6a[data-kb-block=\"kb-adv-heading77_db69ea-6a\"] mark.kt-highlight{font-style:normal;color:#f76a0c;-webkit-box-decoration-break:clone;box-decoration-break:clone;padding-top:0px;padding-right:0px;padding-bottom:0px;padding-left:0px;}.wp-block-kadence-advancedheading.kt-adv-heading77_db69ea-6a img.kb-inline-image, .wp-block-kadence-advancedheading.kt-adv-heading77_db69ea-6a[data-kb-block=\"kb-adv-heading77_db69ea-6a\"] img.kb-inline-image{width:150px;vertical-align:baseline;}<\/style>\n<p class=\"kt-adv-heading77_db69ea-6a wp-block-kadence-advancedheading\" data-kb-block=\"kb-adv-heading77_db69ea-6a\">Falls du die Porto Card bei Tiqets.com gekauft hast, wende dich bitte an unser Partnerunternehmen Tiqets.com.<\/p>\n\n\n\n<p><a href=\"https:\/\/support.tiqets.com\/lang\/de\" target=\"_blank\" rel=\"noopener\" title=\"\">Tiqets-Support<\/a> (f\u00fcr Buchungen, Zahlungen, Stornierungen etc.)<\/p>\n\n\n\n<p>Auf der Website findest du auch einen Live-Chat. <\/p>\n","protected":false},"excerpt":{"rendered":"<p>Contact information PortoCard.com is not an official website. If you have any questions about Porto Card, your booking or the city of Porto, you will find the right addresses here. Contact details: Visit Porto For general questions about Porto Card or Porto, please contact the Visit Porto tourist information office. Tourism Office - S\u00e9Cal\u00e7ada Dom Pedro Pit\u00f5es - 4050-467 ... <a title=\"Contact\" class=\"read-more\" href=\"https:\/\/www.portocard.com\/en\/kontakt\/\" aria-label=\"Read more about Contact\">Read more<\/a><\/p>","protected":false},"author":1,"featured_media":0,"parent":0,"menu_order":0,"comment_status":"closed","ping_status":"closed","template":"","meta":{"footnotes":""},"class_list":["post-77","page","type-page","status-publish"],"aioseo_notices":[],"_links":{"self":[{"href":"https:\/\/www.portocard.com\/en\/wp-json\/wp\/v2\/pages\/77","targetHints":{"allow":["GET"]}}],"collection":[{"href":"https:\/\/www.portocard.com\/en\/wp-json\/wp\/v2\/pages"}],"about":[{"href":"https:\/\/www.portocard.com\/en\/wp-json\/wp\/v2\/types\/page"}],"author":[{"embeddable":true,"href":"https:\/\/www.portocard.com\/en\/wp-json\/wp\/v2\/users\/1"}],"replies":[{"embeddable":true,"href":"https:\/\/www.portocard.com\/en\/wp-json\/wp\/v2\/comments?post=77"}],"version-history":[{"count":3,"href":"https:\/\/www.portocard.com\/en\/wp-json\/wp\/v2\/pages\/77\/revisions"}],"predecessor-version":[{"id":178,"href":"https:\/\/www.portocard.com\/en\/wp-json\/wp\/v2\/pages\/77\/revisions\/178"}],"wp:attachment":[{"href":"https:\/\/www.portocard.com\/en\/wp-json\/wp\/v2\/media?parent=77"}],"curies":[{"name":"wp","href":"https:\/\/api.w.org\/{rel}","templated":true}]}}